{"id":6,"date":"2024-07-16T22:19:02","date_gmt":"2024-07-16T22:19:02","guid":{"rendered":"https:\/\/trunk.com.br\/ti\/?page_id=6"},"modified":"2024-07-23T20:59:02","modified_gmt":"2024-07-23T23:59:02","slug":"home","status":"publish","type":"page","link":"https:\/\/trunk.com.br\/ti\/","title":{"rendered":"Home"},"content":{"rendered":"\n<div class=\"wp-block-cover alignfull\" style=\"min-height:922px;aspect-ratio:unset;\"><span aria-hidden=\"true\" class=\"wp-block-cover__background has-background-dim-0 has-background-dim\"><\/span><img loading=\"lazy\" decoding=\"async\" width=\"1640\" height=\"922\" class=\"wp-block-cover__image-background wp-image-138\" alt=\"\" src=\"https:\/\/trunk.com.br\/ti\/wp-content\/uploads\/2024\/07\/neve-hero-2-correto.png\" data-object-fit=\"cover\" srcset=\"https:\/\/trunk.com.br\/ti\/wp-content\/uploads\/2024\/07\/neve-hero-2-correto.png 1640w, https:\/\/trunk.com.br\/ti\/wp-content\/uploads\/2024\/07\/neve-hero-2-correto-300x169.png 300w, https:\/\/trunk.com.br\/ti\/wp-content\/uploads\/2024\/07\/neve-hero-2-correto-1024x576.png 1024w, https:\/\/trunk.com.br\/ti\/wp-content\/uploads\/2024\/07\/neve-hero-2-correto-768x432.png 768w, https:\/\/trunk.com.br\/ti\/wp-content\/uploads\/2024\/07\/neve-hero-2-correto-1536x864.png 1536w\" sizes=\"auto, (max-width: 1640px) 100vw, 1640px\" \/><div class=\"wp-block-cover__inner-container is-layout-flow wp-block-cover-is-layout-flow\">\n<div class=\"wp-block-columns are-vertically-aligned-center is-layout-flex wp-container-core-columns-is-layout-9d6595d7 wp-block-columns-is-layout-flex\">\n<div class=\"wp-block-column is-vertically-aligned-center is-layout-flow wp-block-column-is-layout-flow\" style=\"padding-right:var(--wp--preset--spacing--20);padding-left:var(--wp--preset--spacing--20);flex-basis:65%\">\n<div style=\"height:80px\" aria-hidden=\"true\" class=\"wp-block-spacer\"><\/div>\n\n\n\n<h1 class=\"wp-block-heading has-text-align-left has-nv-text-dark-bg-color has-text-color\">Estamos aqui para ajudar o crescimento da sua empresa<\/h1>\n\n\n\n<p class=\"has-text-align-left has-nv-text-dark-bg-color has-text-color\" style=\"font-size:17px\">Conhe\u00e7a mais sobre nossos servi\u00e7os e entre em contato para uma proposta customizada<br>para seu neg\u00f3cio.<\/p>\n\n\n\n<div class=\"wp-block-buttons is-horizontal is-content-justification-left is-layout-flex wp-container-core-buttons-is-layout-7e5fce0a wp-block-buttons-is-layout-flex\">\n<div class=\"wp-block-button is-style-primary\"><a class=\"wp-block-button__link has-text-color has-background has-link-color wp-element-button\" href=\"https:\/\/trunk.com.br\/ti\/solucoes\" style=\"color:#0a2279;background-color:#ffffff\">Solu\u00e7\u00f5es<\/a><\/div>\n\n\n\n<div class=\"wp-block-button is-style-secondary\"><a class=\"wp-block-button__link has-nv-text-dark-bg-color has-text-color has-link-color wp-element-button\" href=\"https:\/\/trunk.com.br\/ti\/contato\">Contato<\/a><\/div>\n<\/div>\n\n\n\n<div style=\"height:100px\" aria-hidden=\"true\" class=\"wp-block-spacer\"><\/div>\n<\/div>\n\n\n\n<div class=\"wp-block-column is-vertically-aligned-center is-layout-flow wp-block-column-is-layout-flow\">\n<figure class=\"wp-block-image size-full\"><img loading=\"lazy\" decoding=\"async\" width=\"1020\" height=\"1458\" src=\"https:\/\/trunk.com.br\/ti\/wp-content\/uploads\/2024\/07\/cara-do-site-ok.png\" alt=\"\" class=\"wp-image-185\" srcset=\"https:\/\/trunk.com.br\/ti\/wp-content\/uploads\/2024\/07\/cara-do-site-ok.png 1020w, https:\/\/trunk.com.br\/ti\/wp-content\/uploads\/2024\/07\/cara-do-site-ok-210x300.png 210w, https:\/\/trunk.com.br\/ti\/wp-content\/uploads\/2024\/07\/cara-do-site-ok-716x1024.png 716w, https:\/\/trunk.com.br\/ti\/wp-content\/uploads\/2024\/07\/cara-do-site-ok-768x1098.png 768w\" sizes=\"auto, (max-width: 1020px) 100vw, 1020px\" \/><\/figure>\n<\/div>\n<\/div>\n<\/div><\/div>\n\n\n\n<div style=\"height:40px\" aria-hidden=\"true\" class=\"wp-block-spacer\"><\/div>\n\n\n\n<div class=\"wp-block-cover alignfull\" style=\"min-height:600px;aspect-ratio:unset;\"><span aria-hidden=\"true\" class=\"wp-block-cover__background has-nv-light-bg-background-color has-background-dim-80 has-background-dim\"><\/span><div class=\"wp-block-cover__inner-container is-layout-flow wp-block-cover-is-layout-flow\">\n<div class=\"wp-block-group\"><div class=\"wp-block-group__inner-container is-layout-flow wp-block-group-is-layout-flow\">\n<div class=\"wp-block-columns are-vertically-aligned-center has-neve-text-color-color has-text-color is-layout-flex wp-container-core-columns-is-layout-9d6595d7 wp-block-columns-is-layout-flex\">\n<div class=\"wp-block-column is-vertically-aligned-center is-layout-flow wp-block-column-is-layout-flow\" style=\"padding-right:var(--wp--preset--spacing--30);padding-left:var(--wp--preset--spacing--30);flex-basis:50%\">\n<figure class=\"wp-block-image size-full has-custom-border\"><img decoding=\"async\" src=\"https:\/\/trunk.com.br\/ti\/wp-content\/themes\/neve\/assets\/img\/starter-content\/neve-marketing-agency-10.jpg\" alt=\"\" style=\"border-radius:16px\"\/><\/figure>\n<\/div>\n\n\n\n<div class=\"wp-block-column is-vertically-aligned-center is-layout-flow wp-block-column-is-layout-flow\" style=\"padding-top:0;padding-right:var(--wp--preset--spacing--30);padding-bottom:0;padding-left:var(--wp--preset--spacing--30);flex-basis:50%\">\n<h2 class=\"wp-block-heading has-neve-text-color-color has-text-color\">Quem somos<\/h2>\n\n\n\n<p id=\"planZ1JqFj5ok7Xy\">A TRUNK Solu\u00e7\u00f5es em Tecnologia \u00e9 uma empresa de tecnologia da informa\u00e7\u00e3o sediada na cidade de S\u00e3o Jos\u00e9 dos Campos\/SP.<\/p>\n\n\n\n<p id=\"f5hEMtPCnWxHdg1B\">Nosso ideal \u00e9 poder cuidar de todo TI da sua empresa e deixar com que voc\u00ea se preocupe somente com seu produto\/servi\u00e7o, permitindo que n\u00e3o perca tempo com tarefas que n\u00e3o est\u00e3o relacionadas a sua \u00e1rea de atua\u00e7\u00e3o e ao mesmo tempo confiando o TI em uma empresa capacitada para te oferecer as melhores e mais seguras solu\u00e7\u00f5es tecnol\u00f3gicas. Nos dias atuais tudo ao nosso redor tem funcionado de forma r\u00e1pida e din\u00e2mica, certo?<\/p>\n\n\n\n<p id=\"dQ23j1cL9CTShh1e\">Estamos aqui para ajudar sua empresa a crescer.<\/p>\n<\/div>\n<\/div>\n<\/div><\/div>\n<\/div><\/div>\n\n\n\n<div class=\"wp-block-columns is-layout-flex wp-container-core-columns-is-layout-9d6595d7 wp-block-columns-is-layout-flex\">\n<div class=\"wp-block-column neve-duotone is-layout-flow wp-block-column-is-layout-flow\" style=\"padding-right:var(--wp--preset--spacing--30);padding-left:var(--wp--preset--spacing--30)\"><div class=\"wp-block-image icon-style is-style-default wp-duotone-unset-1\">\n<figure class=\"aligncenter size-full has-custom-border\"><img decoding=\"async\" src=\"https:\/\/trunk.com.br\/ti\/wp-content\/themes\/neve\/assets\/img\/starter-content\/neve-marketing-icon-1.png\" alt=\"\" style=\"border-radius:0px\" title=\"\"\/><\/figure>\n<\/div>\n\n\n<div style=\"height:16px\" aria-hidden=\"true\" class=\"wp-block-spacer\"><\/div>\n\n\n\n<h3 class=\"wp-block-heading has-text-align-center has-neve-text-color-color has-text-color\">Experi\u00eancia<\/h3>\n\n\n\n<p class=\"has-text-align-center\">No mercado de tecnologia h\u00e1 mais de 15 anos.<\/p>\n\n\n\n<div style=\"height:20px\" aria-hidden=\"true\" class=\"wp-block-spacer\"><\/div>\n<\/div>\n\n\n\n<div class=\"wp-block-column is-layout-flow wp-block-column-is-layout-flow\" style=\"padding-right:var(--wp--preset--spacing--30);padding-left:var(--wp--preset--spacing--30)\"><div class=\"wp-block-image icon-style is-style-default wp-duotone-unset-2\">\n<figure class=\"aligncenter size-full has-custom-border\"><img decoding=\"async\" src=\"https:\/\/trunk.com.br\/ti\/wp-content\/themes\/neve\/assets\/img\/starter-content\/neve-marketing-icon-2.png\" alt=\"\" style=\"border-radius:0px\" title=\"\"\/><\/figure>\n<\/div>\n\n\n<div style=\"height:16px\" aria-hidden=\"true\" class=\"wp-block-spacer\"><\/div>\n\n\n\n<h3 class=\"wp-block-heading has-text-align-center has-neve-text-color-color has-text-color\">Servi\u00e7os Gerenciados<\/h3>\n\n\n\n<p class=\"has-text-align-center\">Te ajudamos a otimizar e aproveitar o m\u00e1ximo desempenho de sua infraestrutura.<\/p>\n\n\n\n<div style=\"height:20px\" aria-hidden=\"true\" class=\"wp-block-spacer\"><\/div>\n<\/div>\n\n\n\n<div class=\"wp-block-column is-layout-flow wp-block-column-is-layout-flow\" style=\"padding-right:var(--wp--preset--spacing--30);padding-left:var(--wp--preset--spacing--30)\"><div class=\"wp-block-image icon-style is-style-default wp-duotone-unset-3\">\n<figure class=\"aligncenter size-full has-custom-border\"><img decoding=\"async\" src=\"https:\/\/trunk.com.br\/ti\/wp-content\/themes\/neve\/assets\/img\/starter-content\/neve-marketing-icon-3.1.png\" alt=\"\" style=\"border-radius:0px\" title=\"\"\/><\/figure>\n<\/div>\n\n\n<div style=\"height:16px\" aria-hidden=\"true\" class=\"wp-block-spacer\"><\/div>\n\n\n\n<h3 class=\"wp-block-heading has-text-align-center has-neve-text-color-color has-text-color\">Atendimento Personalizado<\/h3>\n\n\n\n<p class=\"has-text-align-center\">Conforme a sua necessidade, estaremos dispon\u00edveis 24&#215;7, prontos para te ajudar.<\/p>\n\n\n\n<div style=\"height:20px\" aria-hidden=\"true\" class=\"wp-block-spacer\"><\/div>\n<\/div>\n\n\n\n<div class=\"wp-block-column is-layout-flow wp-block-column-is-layout-flow\" style=\"padding-right:var(--wp--preset--spacing--30);padding-left:var(--wp--preset--spacing--30)\"><div class=\"wp-block-image icon-style is-style-default wp-duotone-unset-4\">\n<figure class=\"aligncenter size-full has-custom-border\"><img decoding=\"async\" src=\"https:\/\/trunk.com.br\/ti\/wp-content\/themes\/neve\/assets\/img\/starter-content\/neve-marketing-icon-2.png\" alt=\"\" style=\"border-radius:0px\" title=\"\"\/><\/figure>\n<\/div>\n\n\n<div style=\"height:16px\" aria-hidden=\"true\" class=\"wp-block-spacer\"><\/div>\n\n\n\n<h3 class=\"wp-block-heading has-text-align-center has-neve-text-color-color has-text-color\">Ferramentas pioneiras<\/h3>\n\n\n\n<p class=\"has-text-align-center\">Parceria e utiliza\u00e7\u00e3o das melhores ferramentas do mercado para a melhor experi\u00eancia do cliente.<\/p>\n\n\n\n<div style=\"height:20px\" aria-hidden=\"true\" class=\"wp-block-spacer\"><\/div>\n<\/div>\n<\/div>\n\n\n\n<div class=\"wp-block-cover alignfull has-nv-text-dark-bg-color has-text-color has-link-color wp-elements-6e51de4f31cf3d241f134ec0740045ad\" style=\"min-height:420px;aspect-ratio:unset;\"><span aria-hidden=\"true\" class=\"wp-block-cover__background has-nv-dark-bg-background-color has-background-dim-100 has-background-dim\"><\/span><div class=\"wp-block-cover__inner-container is-layout-flow wp-block-cover-is-layout-flow\">\n<div class=\"wp-block-columns is-layout-flex wp-container-core-columns-is-layout-9d6595d7 wp-block-columns-is-layout-flex\">\n<div class=\"wp-block-column is-layout-flow wp-block-column-is-layout-flow\">\n<p><\/p>\n\n\n\n<p><\/p>\n\n\n\n<h2 class=\"wp-block-heading has-nv-text-dark-bg-color has-text-color\"><br>Foque na sua empresa!<\/h2>\n\n\n\n<p class=\"has-nv-text-dark-bg-color has-text-color\">Te ajudamos a parar de se preocupar com a tecnologia por tr\u00e1s da sua empresa. Nosso objetivo \u00e9 fazer com que voc\u00ea se preocupe somente com a necessidade do seu neg\u00f3cio!<\/p>\n\n\n\n<div style=\"height:20px\" aria-hidden=\"true\" class=\"wp-block-spacer\"><\/div>\n\n\n\n<div class=\"wp-block-buttons has-custom-font-size has-small-font-size is-content-justification-left is-layout-flex wp-container-core-buttons-is-layout-fdcfc74e wp-block-buttons-is-layout-flex\">\n<div class=\"wp-block-button has-custom-font-size is-style-default\" style=\"font-size:16px\"><a class=\"wp-block-button__link has-nv-text-dark-bg-color has-neve-link-color-background-color has-text-color has-background has-link-color wp-element-button\" href=\"https:\/\/trunk.com.br\/ti\/contato\/\">Agende uma reuni\u00e3o<\/a><\/div>\n<\/div>\n<\/div>\n\n\n\n<div class=\"wp-block-column is-layout-flow wp-block-column-is-layout-flow\"><div class=\"wp-block-image\">\n<figure class=\"alignright size-full is-resized has-custom-border\"><img decoding=\"async\" src=\"https:\/\/trunk.com.br\/ti\/wp-content\/themes\/neve\/assets\/img\/starter-content\/neve-marketing-agency-16.jpg\" alt=\"\" style=\"border-radius:16px;width:474px;height:auto\"\/><\/figure>\n<\/div><\/div>\n<\/div>\n\n\n\n<div style=\"height:0px\" aria-hidden=\"true\" class=\"wp-block-spacer\"><\/div>\n<\/div><\/div>\n","protected":false},"excerpt":{"rendered":"<p>Experi\u00eancia No mercado de tecnologia h\u00e1 mais de 15 anos. Servi\u00e7os Gerenciados Te ajudamos a otimizar e aproveitar o m\u00e1ximo desempenho de sua infraestrutura. Atendimento Personalizado Conforme a sua necessidade, estaremos dispon\u00edveis 24&#215;7, prontos para te ajudar. Ferramentas pioneiras Parceria e utiliza\u00e7\u00e3o das melhores ferramentas do mercado para a melhor experi\u00eancia do cliente.<\/p>\n","protected":false},"author":1,"featured_media":0,"parent":0,"menu_order":0,"comment_status":"closed","ping_status":"closed","template":"","meta":{"neve_meta_sidebar":"","neve_meta_container":"","neve_meta_enable_content_width":"on","neve_meta_content_width":100,"neve_meta_title_alignment":"","neve_meta_author_avatar":"","neve_post_elements_order":"","neve_meta_disable_header":"","neve_meta_disable_footer":"","neve_meta_disable_title":"on","_joinchat":[],"footnotes":""},"class_list":["post-6","page","type-page","status-publish","hentry"],"_links":{"self":[{"href":"https:\/\/trunk.com.br\/ti\/wp-json\/wp\/v2\/pages\/6","targetHints":{"allow":["GET"]}}],"collection":[{"href":"https:\/\/trunk.com.br\/ti\/wp-json\/wp\/v2\/pages"}],"about":[{"href":"https:\/\/trunk.com.br\/ti\/wp-json\/wp\/v2\/types\/page"}],"author":[{"embeddable":true,"href":"https:\/\/trunk.com.br\/ti\/wp-json\/wp\/v2\/users\/1"}],"replies":[{"embeddable":true,"href":"https:\/\/trunk.com.br\/ti\/wp-json\/wp\/v2\/comments?post=6"}],"version-history":[{"count":26,"href":"https:\/\/trunk.com.br\/ti\/wp-json\/wp\/v2\/pages\/6\/revisions"}],"predecessor-version":[{"id":205,"href":"https:\/\/trunk.com.br\/ti\/wp-json\/wp\/v2\/pages\/6\/revisions\/205"}],"wp:attachment":[{"href":"https:\/\/trunk.com.br\/ti\/wp-json\/wp\/v2\/media?parent=6"}],"curies":[{"name":"wp","href":"https:\/\/api.w.org\/{rel}","templated":true}]}}